{"id":604,"date":"2017-09-18T15:30:36","date_gmt":"2017-09-18T13:30:36","guid":{"rendered":"https:\/\/redesign.locsim.ch\/?page_id=604"},"modified":"2017-10-06T09:44:20","modified_gmt":"2017-10-06T07:44:20","slug":"home","status":"publish","type":"page","link":"https:\/\/redesign.locsim.ch\/fr\/home\/","title":{"rendered":"Home"},"content":{"rendered":"<div id='layer_slider_1' class='avia-layerslider main_color avia-shadow  container_wrap fullsize'    style='height: 401px;' ><\/div>\n<\/div><\/div><\/div><!-- close content main div --><\/div><\/div><div id='av_section_1' class='avia-section main_color avia-section-small avia-no-shadow avia-bg-style-scroll  container_wrap fullsize' style = 'background-color: #0a0a0a; '  ><div class='container' ><div class='template-page content  av-content-full alpha units'><div class='post-entry post-entry-type-page post-entry-604'><div class='entry-content-wrapper clearfix'>\n<section class=\"av_textblock_section\"  itemscope=\"itemscope\" itemtype=\"https:\/\/schema.org\/CreativeWork\" ><div class='avia_textblock  av_inherit_color'  style='color:#ffffff; '  itemprop=\"text\" ><h1 style=\"text-align: center; font-size: 28px; padding-top: 8px;\">Bienvenue sur <span style=\"color: #ff0000;\"><strong>Locsim.ch<\/strong><\/span><\/h1>\n<\/div><\/section>\n\n<section class=\"av_textblock_section\"  itemscope=\"itemscope\" itemtype=\"https:\/\/schema.org\/CreativeWork\" ><div class='avia_textblock '   itemprop=\"text\" ><p>Les simulateurs du driver LOCSIM sont disponibles dans diff\u00e9rentes versions. La gamme s&rsquo;\u00e9tend des simulateurs de bureau, qui fonctionnent uniquement avec le clavier et l&rsquo;ordinateur portable, avec des simulateurs sur le v\u00e9hicule d&rsquo;origine, dans lesquels le mat\u00e9riel d&rsquo;origine du train suit les instructions d&rsquo;utilisation du conducteur. Voici les diff\u00e9rents types de simulateurs pour lesquels nous pouvons proposer des solutions sur mesure.<\/p>\n<\/div><\/section>\n<\/div><\/div><\/div><!-- close content main div --><\/div><\/div><div id='av_section_2' class='avia-section main_color avia-section-small avia-no-shadow avia-bg-style-scroll  container_wrap fullsize' style = 'background-color: #f7f7f7; '  ><div class='container' ><div class='template-page content  av-content-full alpha units'><div class='post-entry post-entry-type-page post-entry-604'><div class='entry-content-wrapper clearfix'>\n<div style='padding-bottom:10px;color:#ff0000;' class='av-special-heading av-special-heading-h2 custom-color-heading   '><h2 class='av-special-heading-tag'  itemprop=\"headline\"  >DIFF\u00c9RENTS MOD\u00c8LES DE SIMULATEURS <\/h2><div class='special-heading-border'><div class='special-heading-inner-border' style='border-color:#ff0000'><\/div><\/div><\/div>\n<div class='flex_column_table av-equal-height-column-flextable' ><div class=\"flex_column av_one_third  flex_column_table_cell av-equal-height-column av-align-top av-zero-column-padding first  \" style='border-radius:0px; '><p><div class='avia-image-container  av-styling-   avia-align-center '  itemscope=\"itemscope\" itemtype=\"https:\/\/schema.org\/ImageObject\"  ><div class='avia-image-container-inner'><img class='avia_image ' src='https:\/\/redesign.locsim.ch\/wp-content\/uploads\/2017\/06\/20170606_094713u.jpg' alt='' title='Simulator ohne HW'   itemprop=\"thumbnailUrl\"  \/><\/div><\/div><br \/>\n<div style=' margin-top:0px; margin-bottom:0px;'  class='hr hr-custom hr-center hr-icon-no '><span class='hr-inner   inner-border-av-border-thin' style=' width:1px;' ><span class='hr-inner-style'><\/span><\/span><\/div><br \/>\n<section class=\"av_textblock_section\"  itemscope=\"itemscope\" itemtype=\"https:\/\/schema.org\/CreativeWork\" ><div class='avia_textblock '  style='font-size:14px; '  itemprop=\"text\" ><p><span style=\"color: #000000;\"><strong>Simulateurs sans pupitre de commande<\/strong><\/span><\/p>\n<p><span style=\"color: #000000;\">La simulation est effectu\u00e9e au moyen de la souris ou du clavier sur un ordinateur portable par exemple. Il est possible d\u2019utiliser cette m\u00e9thode en salle de classe et d\u2019avoir plusieurs simulateurs fonctionnants simultan\u00e9ment. L\u2019instructeur peut alors intervenir dans toutes les simulations actives.<\/span><\/p>\n<\/div><\/section><br \/>\n<div style=' margin-top:0px; margin-bottom:0px;'  class='hr hr-custom hr-center hr-icon-no '><span class='hr-inner   inner-border-av-border-thin' style=' width:1px;' ><span class='hr-inner-style'><\/span><\/span><\/div><br \/>\n<div class='avia-button-wrap avia-button-left '><a href='http:\/\/locsim.ch\/simulatoren-ohne-bedienhardware\/' class='avia-button  avia-icon_select-yes-right-icon avia-color-dark avia-size-small avia-position-left '   ><span class='avia_iconbox_title' >continuer \u00e0 lire<\/span><span class='avia_button_icon avia_button_icon_right' aria-hidden='true' data-av_icon='\ue897' data-av_iconfont='entypo-fontello'><\/span><\/a><\/div><\/p><\/div><div class='av-flex-placeholder'><\/div><div class=\"flex_column av_one_third  flex_column_table_cell av-equal-height-column av-align-top av-zero-column-padding   \" style='border-radius:0px; '><p><div class='avia-image-container  av-styling-   avia-align-center '  itemscope=\"itemscope\" itemtype=\"https:\/\/schema.org\/ImageObject\"  ><div class='avia-image-container-inner'><img class='avia_image ' src='https:\/\/redesign.locsim.ch\/wp-content\/uploads\/2017\/06\/IMG_2177.jpg' alt='' title='IMG_2177'   itemprop=\"thumbnailUrl\"  \/><\/div><\/div><br \/>\n<div style=' margin-top:0px; margin-bottom:0px;'  class='hr hr-custom hr-center hr-icon-no '><span class='hr-inner   inner-border-av-border-thin' style=' width:1px;' ><span class='hr-inner-style'><\/span><\/span><\/div><br \/>\n<section class=\"av_textblock_section\"  itemscope=\"itemscope\" itemtype=\"https:\/\/schema.org\/CreativeWork\" ><div class='avia_textblock '  style='font-size:14px; '  itemprop=\"text\" ><p><span style=\"color: #000000;\"><strong>Simulateurs de table<\/strong><\/span><\/p>\n<p><span style=\"color: #000000;\">Les \u00e9l\u00e9ments de commande les plus importants se trouvent sur un pupitre de commande simplifi\u00e9. Le syst\u00e8me de protection des trains ou les contr\u00f4leurs hardwares suppl\u00e9mentaires sont reproduits sur un \u00e9cran tactile.\u00a0<\/span><\/p>\n<\/div><\/section><br \/>\n<div style='height:70px' class='hr hr-invisible '><span class='hr-inner ' ><span class='hr-inner-style'><\/span><\/span><\/div><br \/>\n<div class='avia-button-wrap avia-button-left '><a href='http:\/\/locsim.ch\/tischsimulatoren\/' class='avia-button  avia-icon_select-yes-right-icon avia-color-dark avia-size-small avia-position-left '   ><span class='avia_iconbox_title' >continuer \u00e0 lire<\/span><span class='avia_button_icon avia_button_icon_right' aria-hidden='true' data-av_icon='\ue897' data-av_iconfont='entypo-fontello'><\/span><\/a><\/div><\/p><\/div><div class='av-flex-placeholder'><\/div><div class=\"flex_column av_one_third  flex_column_table_cell av-equal-height-column av-align-top av-zero-column-padding   \" style='border-radius:0px; '><p><div class='avia-image-container  av-styling-   avia-align-center '  itemscope=\"itemscope\" itemtype=\"https:\/\/schema.org\/ImageObject\"  ><div class='avia-image-container-inner'><img class='avia_image ' src='https:\/\/redesign.locsim.ch\/wp-content\/uploads\/2017\/06\/Thurbo-GTW-Kreuzlingen_2.jpg' alt='' title='Thurbo-GTW Kreuzlingen'   itemprop=\"thumbnailUrl\"  \/><\/div><\/div><br \/>\n<div style=' margin-top:0px; margin-bottom:0px;'  class='hr hr-custom hr-center hr-icon-no '><span class='hr-inner   inner-border-av-border-thin' style=' width:1px;' ><span class='hr-inner-style'><\/span><\/span><\/div><br \/>\n<section class=\"av_textblock_section\"  itemscope=\"itemscope\" itemtype=\"https:\/\/schema.org\/CreativeWork\" ><div class='avia_textblock '  style='font-size:14px; '  itemprop=\"text\" ><p><span style=\"color: #000000;\"><strong>Simulateurs avec pupitre de commande original ou \u00e0 bord d\u2019un v\u00e9hicule original<\/strong><\/span><\/p>\n<p><span style=\"color: #000000;\">Das F\u00fchrerpult entspricht dem Original und wird entweder mit nachgebildeter Logik auf einem Rechner oder mit Original-Leittechnik angesteuert.<\/span><\/p>\n<\/div><\/section><br \/>\n<div style='height:70px' class='hr hr-invisible '><span class='hr-inner ' ><span class='hr-inner-style'><\/span><\/span><\/div><br \/>\n<div class='avia-button-wrap avia-button-left '><a href='http:\/\/locsim.ch\/simulatoren\/simulatoren-mit-originalfuehrerpult\/' class='avia-button  avia-icon_select-yes-right-icon avia-color-dark avia-size-small avia-position-left '   ><span class='avia_iconbox_title' >continuer \u00e0 lire<\/span><span class='avia_button_icon avia_button_icon_right' aria-hidden='true' data-av_icon='\ue897' data-av_iconfont='entypo-fontello'><\/span><\/a><\/div><\/p><\/div><\/div><!--close column table wrapper. Autoclose:  -->\n\n<\/div><\/div><\/div><!-- close content main div --><\/div><\/div><div id='av_section_3' class='avia-section main_color avia-section-small avia-no-shadow av-parallax-section avia-bg-style-parallax  container_wrap fullsize'  data-section-bg-repeat='no-repeat' ><div class='av-parallax' data-avia-parallax-ratio='0.3' ><div class='av-parallax-inner main_color  avia-full-stretch' style = 'background-repeat: no-repeat; background-image: url(https:\/\/redesign.locsim.ch\/wp-content\/uploads\/2017\/05\/Parallax-HG1.jpg); background-attachment: scroll; background-position: top left; ' ><\/div><\/div><div class='container' ><div class='template-page content  av-content-full alpha units'><div class='post-entry post-entry-type-page post-entry-604'><div class='entry-content-wrapper clearfix'>\n<div style='padding-bottom:10px;color:#ffffff;' class='av-special-heading av-special-heading-h2 custom-color-heading   '><h2 class='av-special-heading-tag'  itemprop=\"headline\"  >NOS POINTS FORTS<\/h2><div class='special-heading-border'><div class='special-heading-inner-border' style='border-color:#ffffff'><\/div><\/div><\/div>\n<div class=\"flex_column av_one_half  flex_column_div av-zero-column-padding first  \" style='border-radius:0px; '><section class=\"av_textblock_section\"  itemscope=\"itemscope\" itemtype=\"https:\/\/schema.org\/CreativeWork\" ><div class='avia_textblock  av_inherit_color'  style='color:#ffffff; '  itemprop=\"text\" ><ul>\n<li>Disposition modulaire des sections (film et 3D \/ mixte)<\/li>\n<li>Disponibilit\u00e9 rapide des itin\u00e9raires nouvellement enregistr\u00e9s<\/li>\n<li>Tous les dispositifs de s\u00e9curit\u00e9 de train utilis\u00e9s en Suisse, ainsi que PZB, LZB, MIREL, VEPS et RAS, sont reproduits<\/li>\n<\/ul>\n<\/div><\/section><\/div>\n","protected":false},"excerpt":{"rendered":"","protected":false},"author":1,"featured_media":0,"parent":0,"menu_order":0,"comment_status":"closed","ping_status":"closed","template":"","meta":[],"_links":{"self":[{"href":"https:\/\/redesign.locsim.ch\/fr\/wp-json\/wp\/v2\/pages\/604"}],"collection":[{"href":"https:\/\/redesign.locsim.ch\/fr\/wp-json\/wp\/v2\/pages"}],"about":[{"href":"https:\/\/redesign.locsim.ch\/fr\/wp-json\/wp\/v2\/types\/page"}],"author":[{"embeddable":true,"href":"https:\/\/redesign.locsim.ch\/fr\/wp-json\/wp\/v2\/users\/1"}],"replies":[{"embeddable":true,"href":"https:\/\/redesign.locsim.ch\/fr\/wp-json\/wp\/v2\/comments?post=604"}],"version-history":[{"count":12,"href":"https:\/\/redesign.locsim.ch\/fr\/wp-json\/wp\/v2\/pages\/604\/revisions"}],"predecessor-version":[{"id":1096,"href":"https:\/\/redesign.locsim.ch\/fr\/wp-json\/wp\/v2\/pages\/604\/revisions\/1096"}],"wp:attachment":[{"href":"https:\/\/redesign.locsim.ch\/fr\/wp-json\/wp\/v2\/media?parent=604"}],"curies":[{"name":"wp","href":"https:\/\/api.w.org\/{rel}","templated":true}]}}