{"id":609,"date":"2017-06-09T11:57:53","date_gmt":"2017-06-09T09:57:53","guid":{"rendered":"https:\/\/redesign.locsim.ch\/impressum\/"},"modified":"2017-09-19T09:42:11","modified_gmt":"2017-09-19T07:42:11","slug":"impressum","status":"publish","type":"page","link":"https:\/\/redesign.locsim.ch\/fr\/impressum\/","title":{"rendered":"Impressum"},"content":{"rendered":"<div class=\"flex_column av_one_full  flex_column_div av-zero-column-padding first  \" style='border-radius:0px; '><div style='padding-bottom:10px;' class='av-special-heading av-special-heading-h1  blockquote modern-quote '><h1 class='av-special-heading-tag'  itemprop=\"headline\"  >Impressum<\/h1><div class='special-heading-border'><div class='special-heading-inner-border' ><\/div><\/div><\/div><\/div>\n<div class=\"flex_column av_one_full  flex_column_div av-zero-column-padding first  \" style='border-radius:0px; '><p><section class=\"av_textblock_section\"  itemscope=\"itemscope\" itemtype=\"https:\/\/schema.org\/CreativeWork\" ><div class='avia_textblock '   itemprop=\"text\" ><p><strong>Adresse:<\/strong><\/p>\n<p>LOCSIM AG<\/p>\n<p>Bernstrasse 28<\/p>\n<p>CH-3054 Sch\u00fcpfen<\/p>\n<p><strong>Unternehmensidentifikationsnummer (UID):<\/strong><\/p>\n<p>CHE-288.536.482<\/p>\n<p><strong>Mehrwersteuernummer:<\/strong><\/p>\n<p>CHE-288.536.482 MWST<\/p>\n<\/div><\/section><br \/>\n<div style=' margin-top:15px; margin-bottom:15px;'  class='hr hr-custom hr-left hr-icon-no '><span class='hr-inner   inner-border-av-border-none' style=' width:50px;' ><span class='hr-inner-style'><\/span><\/span><\/div><br \/>\n<section class=\"av_textblock_section\"  itemscope=\"itemscope\" itemtype=\"https:\/\/schema.org\/CreativeWork\" ><div class='avia_textblock '   itemprop=\"text\" ><p><strong>Webdesign und Hosting<\/strong><\/p>\n<p>Cowe Webdesign<\/p>\n<p>Pestalozzistrasse 67<\/p>\n<p>3600 Thun<\/p>\n<p>Internet: <a href=\"https:\/\/www.cowe-webdesign.ch\/\" target=\"_blank\" rel=\"noopener\">www.cowe-webdesign.ch<\/a><\/p>\n<\/div><\/section><\/p><\/div><div class=\"flex_column av_one_full  flex_column_div av-zero-column-padding first  \" style='border-radius:0px; '><section class=\"av_textblock_section\"  itemscope=\"itemscope\" itemtype=\"https:\/\/schema.org\/CreativeWork\" ><div class='avia_textblock '   itemprop=\"text\" ><h5><strong>Inhalt und Haftung<\/strong><\/h5>\n<p>Locsim AG \u00fcbernimmt keine Gew\u00e4hr f\u00fcr die Qualit\u00e4t der ver\u00f6ffentlichten Informationen. Haftungsanspr\u00fcche auf Grund der angebotenen Informationen sind ausgeschlossen. Wir behalten uns vor, die Website ohne Ank\u00fcndigung zu ver\u00e4ndern oder zu l\u00f6schen.<\/p>\n<h5><strong>Urheberrecht<\/strong><\/h5>\n<p>Ver\u00e4nderungen an der Website sind untersagt. Das Urheberrecht f\u00fcr die Website liegt allein bei Locsim AG. Ohne schriftliche Zustimmung sind Vervielf\u00e4ltigungen, Kopien sowie der Gebrauch der urheberrechtlich gesch\u00fctzten Inhalte der Website (inkl. Quellcode) nicht gestattet.<\/p>\n<h5><strong>Verweise und Links<\/strong><\/h5>\n<p>F\u00fcr Links auf Internetseiten ausserhalb der Website \u00fcbernehmen wir keine Haftung. Zum Zeitpunkt der Linksetzung waren die verlinkten Seiten frei von illegalen Inhalten. Wir haben keinen Einfluss auf aktuelle und k\u00fcnftige Inhalte der verlinkten Seiten und distanzieren uns von den j\u00fcngeren Inhalten aller verlinkten Seiten. F\u00fcr diese haftet allein der jeweilige Anbieter.<\/p>\n<h5><strong>Datenschutz und Datensicherheit<\/strong><\/h5>\n<p>Wer sich \u00fcber das Kontaktformular an Locsim AG wendet, \u00fcbergibt uns pers\u00f6nliche Daten. Aufgrund dieser Angaben versenden wir bei Bedarf elektronische Informationen. Dazu f\u00fchren wir eine Datenbank und verwalten Adressen. Die pers\u00f6nlichen Daten werden nicht an Dritte verkauft, vermietet oder f\u00fcr Zwecke Dritter weitergegeben. Benutzerinnen und Benutzer haben das Recht zu erfahren, ob und welche\u00a0Daten bei uns gespeichert wurden. Die uns anvertrauten Daten k\u00f6nnen jederzeit korrigiert\u00a0oder\u00a0gesperrt werden.<\/p>\n<p>Eine schriftliche Mitteilung gen\u00fcgt.<\/p>\n<\/div><\/section><\/div><\/p>\n","protected":false},"excerpt":{"rendered":"","protected":false},"author":1,"featured_media":0,"parent":0,"menu_order":0,"comment_status":"closed","ping_status":"closed","template":"","meta":[],"_links":{"self":[{"href":"https:\/\/redesign.locsim.ch\/fr\/wp-json\/wp\/v2\/pages\/609"}],"collection":[{"href":"https:\/\/redesign.locsim.ch\/fr\/wp-json\/wp\/v2\/pages"}],"about":[{"href":"https:\/\/redesign.locsim.ch\/fr\/wp-json\/wp\/v2\/types\/page"}],"author":[{"embeddable":true,"href":"https:\/\/redesign.locsim.ch\/fr\/wp-json\/wp\/v2\/users\/1"}],"replies":[{"embeddable":true,"href":"https:\/\/redesign.locsim.ch\/fr\/wp-json\/wp\/v2\/comments?post=609"}],"version-history":[{"count":1,"href":"https:\/\/redesign.locsim.ch\/fr\/wp-json\/wp\/v2\/pages\/609\/revisions"}],"predecessor-version":[{"id":612,"href":"https:\/\/redesign.locsim.ch\/fr\/wp-json\/wp\/v2\/pages\/609\/revisions\/612"}],"wp:attachment":[{"href":"https:\/\/redesign.locsim.ch\/fr\/wp-json\/wp\/v2\/media?parent=609"}],"curies":[{"name":"wp","href":"https:\/\/api.w.org\/{rel}","templated":true}]}}