{"id":617,"date":"2017-06-06T11:16:39","date_gmt":"2017-06-06T09:16:39","guid":{"rendered":"https:\/\/redesign.locsim.ch\/tischsimulatoren\/"},"modified":"2017-09-22T16:33:27","modified_gmt":"2017-09-22T14:33:27","slug":"tischsimulatoren","status":"publish","type":"page","link":"https:\/\/redesign.locsim.ch\/fr\/simulatorbauarten\/tischsimulatoren\/","title":{"rendered":"Tischsimulatoren"},"content":{"rendered":"<div style='padding-bottom:20px;' class='av-special-heading av-special-heading-h1  blockquote modern-quote  '><h1 class='av-special-heading-tag'  itemprop=\"headline\"  >SIMULATEURS DE TABLE<\/h1><div class='special-heading-border'><div class='special-heading-inner-border' ><\/div><\/div><\/div>\n<div class=\"flex_column av_one_fifth  flex_column_div av-zero-column-padding first  \" style='border-radius:0px; '><\/div>\n<div class=\"flex_column av_three_fifth  flex_column_div av-zero-column-padding   \" style='border-radius:0px; '><div  data-size='large'  data-lightbox_size='large'  data-animation='slide'  data-ids='389,388'  data-video_counter='0'  data-autoplay='true'  data-bg_slider='false'  data-slide_height=''  data-handle='av_slideshow'  data-interval='10'  data-class=''  data-css_id=''  data-scroll_down=''  data-control_layout='av-control-default'  data-custom_markup=''  data-perma_caption=''  data-autoplay_stopper=''  data-image_attachment=''  data-min_height='0px'  class='avia-slideshow avia-slideshow-1  av-control-default av-default-height-applied avia-slideshow-large av_slideshow  avia-slide-slider '  itemscope=\"itemscope\" itemtype=\"https:\/\/schema.org\/ImageObject\" ><ul class='avia-slideshow-inner' style='padding-bottom: 66.699029126214%;'><li  class=' slide-1 ' ><div data-rel='slideshow-1' class='avia-slide-wrap'  ><img src='https:\/\/redesign.locsim.ch\/wp-content\/uploads\/2017\/06\/tisi-1030x687.jpg' width='1030' height='687' title='Tischsimulator' alt=''  itemprop=\"thumbnailUrl\"   \/><\/div><\/li><li  class=' slide-2 ' ><div data-rel='slideshow-1' class='avia-slide-wrap'  ><img src='https:\/\/redesign.locsim.ch\/wp-content\/uploads\/2017\/06\/IMG_2165-1030x687.jpg' width='1030' height='687' title='IMG_2165' alt=''  itemprop=\"thumbnailUrl\"   \/><\/div><\/li><\/ul><div class='avia-slideshow-arrows avia-slideshow-controls'><a href='#prev' class='prev-slide' aria-hidden='true' data-av_icon='\ue87c' data-av_iconfont='entypo-fontello'>Pr\u00e9c\u00e9dent<\/a><a href='#next' class='next-slide' aria-hidden='true' data-av_icon='\ue87d' data-av_iconfont='entypo-fontello'>Suivant<\/a><\/div><div class='avia-slideshow-dots avia-slideshow-controls'><a href='#1' class='goto-slide active' >1<\/a><a href='#2' class='goto-slide ' >2<\/a><\/div><\/div><\/div>\n<div style=' margin-top:0px; margin-bottom:20px;'  class='hr hr-custom hr-left hr-icon-no '><span class='hr-inner   inner-border-av-border-none' style=' width:50px;' ><span class='hr-inner-style'><\/span><\/span><\/div>\n<div class=\"flex_column av_one_full  flex_column_div av-zero-column-padding first  \" style='border-radius:0px; '><section class=\"av_textblock_section\"  itemscope=\"itemscope\" itemtype=\"https:\/\/schema.org\/CreativeWork\" ><div class='avia_textblock '   itemprop=\"text\" ><p><span style=\"color: #000000;\"><strong>Les principales caract\u00e9ristiques d\u2019un simulateur de table sont :<\/strong><\/span><\/p>\n<ul>\n<li><span style=\"color: #000000;\">Seuls les \u00e9l\u00e9ments de commande n\u00e9cessaires pour l\u2019utilisation pr\u00e9vue sont install\u00e9s<\/span><\/li>\n<li><span style=\"color: #000000;\">Les interrupteurs sont simplifi\u00e9s et leurs emplacements ne correspondent en r\u00e8gle g\u00e9n\u00e9rale pas \u00e0 ceux de l\u2019original<\/span><\/li>\n<li><span style=\"color: #000000;\">Le hardware manquant peut \u00eatre reproduit sur un \u00e9cran tactile<\/span><\/li>\n<\/ul>\n<p><span style=\"color: #000000;\">En fonction de sa complexit\u00e9, le hardware est connect\u00e9 \u00e0 l\u2019ordinateur soit par un automate programmable, soit par l\u2019interm\u00e9diaire d\u2019une interface IO via un port USB meilleur march\u00e9.\u00a0 <\/span><\/p>\n<\/div><\/section><\/div><div style=' margin-top:0px; margin-bottom:80px;'  class='hr hr-custom hr-left hr-icon-no '><span class='hr-inner   inner-border-av-border-none' style=' width:50px;' ><span class='hr-inner-style'><\/span><\/span><\/div><\/p>\n","protected":false},"excerpt":{"rendered":"","protected":false},"author":1,"featured_media":0,"parent":625,"menu_order":0,"comment_status":"closed","ping_status":"closed","template":"","meta":[],"_links":{"self":[{"href":"https:\/\/redesign.locsim.ch\/fr\/wp-json\/wp\/v2\/pages\/617"}],"collection":[{"href":"https:\/\/redesign.locsim.ch\/fr\/wp-json\/wp\/v2\/pages"}],"about":[{"href":"https:\/\/redesign.locsim.ch\/fr\/wp-json\/wp\/v2\/types\/page"}],"author":[{"embeddable":true,"href":"https:\/\/redesign.locsim.ch\/fr\/wp-json\/wp\/v2\/users\/1"}],"replies":[{"embeddable":true,"href":"https:\/\/redesign.locsim.ch\/fr\/wp-json\/wp\/v2\/comments?post=617"}],"version-history":[{"count":2,"href":"https:\/\/redesign.locsim.ch\/fr\/wp-json\/wp\/v2\/pages\/617\/revisions"}],"predecessor-version":[{"id":740,"href":"https:\/\/redesign.locsim.ch\/fr\/wp-json\/wp\/v2\/pages\/617\/revisions\/740"}],"up":[{"embeddable":true,"href":"https:\/\/redesign.locsim.ch\/fr\/wp-json\/wp\/v2\/pages\/625"}],"wp:attachment":[{"href":"https:\/\/redesign.locsim.ch\/fr\/wp-json\/wp\/v2\/media?parent=617"}],"curies":[{"name":"wp","href":"https:\/\/api.w.org\/{rel}","templated":true}]}}