{"id":619,"date":"2017-06-06T13:02:53","date_gmt":"2017-06-06T11:02:53","guid":{"rendered":"https:\/\/redesign.locsim.ch\/simulatoren-ohne-bedienhardware\/"},"modified":"2017-06-06T13:02:53","modified_gmt":"2017-06-06T11:02:53","slug":"simulatoren-ohne-bedienhardware","status":"publish","type":"page","link":"https:\/\/redesign.locsim.ch\/fr\/simulatorbauarten\/simulatoren-ohne-bedienhardware\/","title":{"rendered":"Simulatoren ohne Bedienhardware"},"content":{"rendered":"<div style='padding-bottom:20px;' class='av-special-heading av-special-heading-h1  blockquote modern-quote  '><h1 class='av-special-heading-tag'  itemprop=\"headline\"  >Simulatoren ohne Bedienhardware<\/h1><div class='special-heading-border'><div class='special-heading-inner-border' ><\/div><\/div><\/div>\n<div class=\"flex_column av_one_fifth  flex_column_div av-zero-column-padding first  \" style='border-radius:0px; '><\/div>\n<div class=\"flex_column av_three_fifth  flex_column_div av-zero-column-padding   \" style='border-radius:0px; '><div  data-size='large'  data-lightbox_size='large'  data-animation='slide'  data-ids='458'  data-video_counter='0'  data-autoplay='true'  data-bg_slider='false'  data-slide_height=''  data-handle='av_slideshow'  data-interval='10'  data-class=''  data-css_id=''  data-scroll_down=''  data-control_layout='av-control-default'  data-custom_markup=''  data-perma_caption=''  data-autoplay_stopper=''  data-image_attachment=''  data-min_height='0px'  class='avia-slideshow avia-slideshow-1  av-control-default av-default-height-applied avia-slideshow-large av_slideshow  avia-slide-slider '  itemscope=\"itemscope\" itemtype=\"https:\/\/schema.org\/ImageObject\" ><ul class='avia-slideshow-inner' style='padding-bottom: 75.04854368932%;'><li  class=' av-single-slide slide-1 ' ><div data-rel='slideshow-1' class='avia-slide-wrap'  ><img src='https:\/\/redesign.locsim.ch\/wp-content\/uploads\/2017\/06\/20170606_094713u-1030x773.jpg' width='1030' height='773' title='Simulator ohne HW' alt=''  itemprop=\"thumbnailUrl\"   \/><\/div><\/li><\/ul><\/div><\/div>\n<div style=' margin-top:0; margin-bottom:20px;'  class='hr hr-custom hr-left hr-icon-no '><span class='hr-inner   inner-border-av-border-none' style=' width:50px;' ><span class='hr-inner-style'><\/span><\/span><\/div>\n<div class=\"flex_column av_one_full  flex_column_div av-zero-column-padding first  \" style='border-radius:0px; '><section class=\"av_textblock_section\"  itemscope=\"itemscope\" itemtype=\"https:\/\/schema.org\/CreativeWork\" ><div class='avia_textblock '   itemprop=\"text\" ><p><span style=\"color: #000000;\">Simulatoren ohne Bedienhardware zeichnen sich dadurch aus, dass sie per Maus und Tastatur bedient werden k\u00f6nnen und damit keine weitere Hardware notwendig ist.<\/span><\/p>\n<p><span style=\"color: #000000;\"><strong>Klassenzimmerl\u00f6sung:<\/strong><\/span><br \/>\n<span style=\"color: #000000;\"> F\u00fcr die gleichzeitige Ausbildung mehrerer Auszubildender besteht die M\u00f6glichkeit, dass der Instruktor von seinem Rechner aus auf s\u00e4mtliche Rechner der Auszubildenden zugreifen und sie steuern kann.<\/span><\/p>\n<\/div><\/section><\/div>\n<div style=' margin-top:0; margin-bottom:90px;'  class='hr hr-custom hr-left hr-icon-no '><span class='hr-inner   inner-border-av-border-none' style=' width:50px;' ><span class='hr-inner-style'><\/span><\/span><\/div>\n","protected":false},"excerpt":{"rendered":"","protected":false},"author":1,"featured_media":0,"parent":625,"menu_order":0,"comment_status":"closed","ping_status":"closed","template":"","meta":[],"_links":{"self":[{"href":"https:\/\/redesign.locsim.ch\/fr\/wp-json\/wp\/v2\/pages\/619"}],"collection":[{"href":"https:\/\/redesign.locsim.ch\/fr\/wp-json\/wp\/v2\/pages"}],"about":[{"href":"https:\/\/redesign.locsim.ch\/fr\/wp-json\/wp\/v2\/types\/page"}],"author":[{"embeddable":true,"href":"https:\/\/redesign.locsim.ch\/fr\/wp-json\/wp\/v2\/users\/1"}],"replies":[{"embeddable":true,"href":"https:\/\/redesign.locsim.ch\/fr\/wp-json\/wp\/v2\/comments?post=619"}],"version-history":[{"count":0,"href":"https:\/\/redesign.locsim.ch\/fr\/wp-json\/wp\/v2\/pages\/619\/revisions"}],"up":[{"embeddable":true,"href":"https:\/\/redesign.locsim.ch\/fr\/wp-json\/wp\/v2\/pages\/625"}],"wp:attachment":[{"href":"https:\/\/redesign.locsim.ch\/fr\/wp-json\/wp\/v2\/media?parent=619"}],"curies":[{"name":"wp","href":"https:\/\/api.w.org\/{rel}","templated":true}]}}